{"id":62,"date":"2025-02-10T12:30:59","date_gmt":"2025-02-10T12:30:59","guid":{"rendered":"https:\/\/etivakif.org.tr\/?page_id=62"},"modified":"2025-02-10T12:54:44","modified_gmt":"2025-02-10T12:54:44","slug":"iletisim","status":"publish","type":"page","link":"https:\/\/etivakif.org.tr\/index.php\/iletisim\/","title":{"rendered":"\u0130leti\u015fim"},"content":{"rendered":"\r\n\r\n<div class=\"wp-block-group alignwide has-light-gray-background-color\" style=\"padding-top:40px;padding-bottom:40px\"><div class=\"wp-block-group__inner-container is-layout-constrained wp-block-group-is-layout-constrained\">\r\n    \r\n\r\n\r\n    <!-- A\u00e7\u0131klama -->\r\n    \r\n    <p class=\"has-text-align-center\">Bizimle ileti\u015fime ge\u00e7mek i\u00e7in a\u015fa\u011f\u0131daki bilgileri kullanabilirsiniz.<\/p>\r\n    \r\n\r\n    \r\n    <hr class=\"wp-block-separator has-css-opacity\" style=\"margin-top:20px;margin-bottom:20px\"\/>\r\n    \r\n\r\n    <!-- ET\u0130 VAKIF Adres ve \u0130leti\u015fim -->\r\n    \r\n    <div class=\"wp-block-group has-white-background-color\" style=\"border-width:1px;border-style:solid;border-radius:10px;padding:20px\"><div class=\"wp-block-group__inner-container is-layout-flow wp-block-group-is-layout-flow\">\r\n        \r\n        \r\n        <h2 class=\"wp-block-heading\">ET\u0130 VAKIF<\/h2>\r\n        \r\n\r\n        \r\n        <p><strong>Adres:<\/strong><br> \r\n        Eti Toplulu\u011fu \u00c7al\u0131\u015fanlar\u0131 Yard\u0131m Vakf\u0131 (Etivak\u0131f)<br>\r\n        Mithatpa\u015fa Caddesi No:21\/9<br>\r\n        K\u0131z\u0131lay \/ ANKARA<\/p>\r\n        \r\n\r\n        \r\n        <p><strong>Telefon:<\/strong> (312) 430 22 52<\/p>\r\n        \r\n\r\n        \r\n        <p><strong>Faks:<\/strong> (312) 430 22 53<\/p>\r\n        \r\n\r\n        \r\n        <p><strong>E-Posta:<\/strong> <a href=\"mailto:webmaster@etivakif.org.tr\">webmaster@etivakif.org.tr<\/a><\/p>\r\n        \r\n\r\n    <\/div><\/div>\r\n    \r\n\r\n    <!-- Bo\u015fluk -->\r\n    \r\n    <div style=\"height:30px\" aria-hidden=\"true\" class=\"wp-block-spacer\"><\/div>\r\n    \r\n\r\n    <!-- ANDA TUR Adres ve \u0130leti\u015fim -->\r\n    \r\n    <div class=\"wp-block-group has-white-background-color\" style=\"border-width:1px;border-style:solid;border-radius:10px;padding:20px\"><div class=\"wp-block-group__inner-container is-layout-flow wp-block-group-is-layout-flow\">\r\n        \r\n        \r\n        <h2 class=\"wp-block-heading\">ANDA TUR<\/h2>\r\n        \r\n\r\n        \r\n        <p>Vakf\u0131m\u0131z b\u00fcnyesinde kurulan <strong>ANDA Tur<\/strong> ile tatiliniz geldi\u011finde, huzurlu tatil imkan\u0131 ve \u00f6zel hizmet ayr\u0131cal\u0131klar\u0131yla her t\u00fcrl\u00fc kongre, toplant\u0131 organizasyonlar\u0131nda hizmet veriyoruz.<\/p>\r\n        \r\n\r\n        \r\n        <p><strong>Web Adresi:<\/strong> <a href=\"https:\/\/www.andatur.com\" target=\"_blank\" rel=\"noopener\">www.andatur.com<\/a><\/p>\r\n        \r\n\r\n        \r\n        <p><strong>Telefon:<\/strong> (312) 432 26 32<\/p>\r\n        \r\n\r\n        \r\n        <p><strong>Faks:<\/strong> (312) 435 49 93<\/p>\r\n        \r\n\r\n        \r\n        <p><strong>E-Posta:<\/strong> <a href=\"mailto:webmaster@etivakif.org.tr\">webmaster@etivakif.org.tr<\/a><\/p>\r\n        \r\n\r\n    <\/div><\/div>\r\n    \r\n\r\n    <!-- Bo\u015fluk -->\r\n    \r\n    <div style=\"height:30px\" aria-hidden=\"true\" class=\"wp-block-spacer\"><\/div>\r\n    \r\n\r\n    \r\n    <blockquote class=\"wp-block-quote is-layout-flow wp-block-quote-is-layout-flow\">\r\n        <p><strong>&#8220;Bize her zaman ula\u015fabilirsiniz. Size yard\u0131mc\u0131 olmaktan mutluluk duyar\u0131z.&#8221;<\/strong><\/p>\r\n    <\/blockquote>\r\n    \r\n\r\n    \r\n    <div class=\"wp-block-buttons is-content-justification-center is-layout-flex wp-container-core-buttons-is-layout-1 wp-block-buttons-is-layout-flex\">\r\n        \r\n        <div class=\"wp-block-button\">\r\n            <a class=\"wp-block-button__link has-white-color has-primary-background-color has-text-color has-background\" href=\"mailto:webmaster@etivakif.org.tr\">Bize Yaz\u0131n<\/a>\r\n        <\/div>\r\n        \r\n    <\/div>\r\n    \r\n\r\n<\/div><\/div>\r\n\r\n","protected":false},"excerpt":{"rendered":"<p>Bizimle ileti\u015fime ge\u00e7mek i\u00e7in a\u015fa\u011f\u0131daki bilgileri kullanabilirsiniz. ET\u0130 VAKIF Adres: Eti Toplulu\u011fu \u00c7al\u0131\u015fanlar\u0131 Yard\u0131m Vakf\u0131 (Etivak\u0131f) Mithatpa\u015fa Caddesi No:21\/9 K\u0131z\u0131lay \/ ANKARA Telefon: (312) 430 22 52 Faks: (312) 430 22 53 E-Posta: webmaster@etivakif.org.tr ANDA TUR Vakf\u0131m\u0131z b\u00fcnyesinde kurulan ANDA Tur ile tatiliniz geldi\u011finde, huzurlu tatil imkan\u0131 ve \u00f6zel hizmet ayr\u0131cal\u0131klar\u0131yla her t\u00fcrl\u00fc kongre, toplant\u0131 [&hellip;]<\/p>\n","protected":false},"author":1,"featured_media":0,"parent":0,"menu_order":0,"comment_status":"closed","ping_status":"closed","template":"","meta":{"footnotes":""},"_links":{"self":[{"href":"https:\/\/etivakif.org.tr\/index.php\/wp-json\/wp\/v2\/pages\/62"}],"collection":[{"href":"https:\/\/etivakif.org.tr\/index.php\/wp-json\/wp\/v2\/pages"}],"about":[{"href":"https:\/\/etivakif.org.tr\/index.php\/wp-json\/wp\/v2\/types\/page"}],"author":[{"embeddable":true,"href":"https:\/\/etivakif.org.tr\/index.php\/wp-json\/wp\/v2\/users\/1"}],"replies":[{"embeddable":true,"href":"https:\/\/etivakif.org.tr\/index.php\/wp-json\/wp\/v2\/comments?post=62"}],"version-history":[{"count":3,"href":"https:\/\/etivakif.org.tr\/index.php\/wp-json\/wp\/v2\/pages\/62\/revisions"}],"predecessor-version":[{"id":73,"href":"https:\/\/etivakif.org.tr\/index.php\/wp-json\/wp\/v2\/pages\/62\/revisions\/73"}],"wp:attachment":[{"href":"https:\/\/etivakif.org.tr\/index.php\/wp-json\/wp\/v2\/media?parent=62"}],"curies":[{"name":"wp","href":"https:\/\/api.w.org\/{rel}","templated":true}]}}